{"id":2,"date":"2019-06-05T11:39:57","date_gmt":"2019-06-05T11:39:57","guid":{"rendered":"http:\/\/www.taikativoli.com\/?page_id=2"},"modified":"2020-02-04T09:50:17","modified_gmt":"2020-02-04T09:50:17","slug":"etusivu","status":"publish","type":"page","link":"https:\/\/www.taikativoli.com\/","title":{"rendered":"Taikurikoulu Taikativoli"},"content":{"rendered":"\n<div class=\"wp-block-image\"><figure class=\"alignright size-large is-resized\"><img loading=\"lazy\" decoding=\"async\" src=\"http:\/\/www.taikativoli.com\/wp-content\/uploads\/2019\/11\/maarit_tiilikainen2-4.png\" alt=\"\" class=\"wp-image-78\" width=\"212\" height=\"271\" srcset=\"https:\/\/www.taikativoli.com\/wp-content\/uploads\/2019\/11\/maarit_tiilikainen2-4.png 294w, https:\/\/www.taikativoli.com\/wp-content\/uploads\/2019\/11\/maarit_tiilikainen2-4-235x300.png 235w\" sizes=\"(max-width: 212px) 100vw, 212px\" \/><\/figure><\/div>\n\n\n\n<p class=\"has-text-align-left\">Hei!<\/p>\n\n\n\n<p>Maarit Tiilikainen on pitk\u00e4n linjan ammattilainen, esiintyv\u00e4\ntaiteilija ja taikuri. Koulutuksen osalta h\u00e4n on tehnyt vankkaa pioneerity\u00f6t\u00e4\nalallaan, perustaen vuonna 2000 p\u00e4\u00e4kaupunkiseudun ohella valtakunnallisena\ntoimivan kouluik\u00e4isten lasten taikurikoulun. Aktiiviseen kohderyhm\u00e4\u00e4n kuuluvat\netenkin ala-asteik\u00e4iset.<\/p>\n\n\n\n<p>Maarit on kiert\u00e4nyt ymp\u00e4ri Suomea vieden opetustaan jo l\u00e4hes\n200 eri paikkakunnalle, joko kertaluonteisena tai pidempikestoisena\nharrastetoimintana.<\/p>\n\n\n\n<p>H\u00e4n on ollut alalla 9-vuotiaasta, aloittaen taikuri-is\u00e4ns\u00e4 opissa.<\/p>\n","protected":false},"excerpt":{"rendered":"<p>TaikaTivoli on lasten taikurikoulu, jossa opitaan ohjatusti taikatemppuja ja harjoitellaan esiintymistaitoa.<\/p>\n","protected":false},"author":1,"featured_media":0,"parent":0,"menu_order":0,"comment_status":"closed","ping_status":"open","template":"","meta":{"_exactmetrics_skip_tracking":false,"_exactmetrics_sitenote_active":false,"_exactmetrics_sitenote_note":"","_exactmetrics_sitenote_category":0,"footnotes":""},"yoast_head":"<!-- This site is optimized with the Yoast SEO plugin v22.2 - https:\/\/yoast.com\/wordpress\/plugins\/seo\/ -->\n<title>Taikurikoulu Taikativoli | Taikativoli.com<\/title>\n<meta name=\"description\" content=\"Lasten taikurikoulusta vastaa Maarit Tiilikainen. Ty\u00f6kentt\u00e4n\u00e4 mm. leirit ja koulut.\" \/>\n<meta name=\"robots\" content=\"index, follow, max-snippet:-1, max-image-preview:large, max-video-preview:-1\" \/>\n<link rel=\"canonical\" href=\"https:\/\/www.taikativoli.com\/\" \/>\n<meta property=\"og:locale\" content=\"fi_FI\" \/>\n<meta property=\"og:type\" content=\"article\" \/>\n<meta property=\"og:title\" content=\"Taikurikoulu Taikativoli | Taikativoli.com\" \/>\n<meta property=\"og:description\" content=\"Lasten taikurikoulusta vastaa Maarit Tiilikainen. Ty\u00f6kentt\u00e4n\u00e4 mm. leirit ja koulut.\" \/>\n<meta property=\"og:url\" content=\"https:\/\/www.taikativoli.com\/\" \/>\n<meta property=\"og:site_name\" content=\"Taikurikoulu Taikativoli | Taikativoli.com\" \/>\n<meta property=\"article:modified_time\" content=\"2020-02-04T09:50:17+00:00\" \/>\n<meta property=\"og:image\" content=\"http:\/\/www.taikativoli.com\/wp-content\/uploads\/2019\/11\/maarit_tiilikainen2-4.png\" \/>\n<meta name=\"twitter:card\" content=\"summary_large_image\" \/>\n<script type=\"application\/ld+json\" class=\"yoast-schema-graph\">{\"@context\":\"https:\/\/schema.org\",\"@graph\":[{\"@type\":\"WebPage\",\"@id\":\"https:\/\/www.taikativoli.com\/\",\"url\":\"https:\/\/www.taikativoli.com\/\",\"name\":\"Taikurikoulu Taikativoli | Taikativoli.com\",\"isPartOf\":{\"@id\":\"https:\/\/www.taikativoli.com\/#website\"},\"primaryImageOfPage\":{\"@id\":\"https:\/\/www.taikativoli.com\/#primaryimage\"},\"image\":{\"@id\":\"https:\/\/www.taikativoli.com\/#primaryimage\"},\"thumbnailUrl\":\"http:\/\/www.taikativoli.com\/wp-content\/uploads\/2019\/11\/maarit_tiilikainen2-4.png\",\"datePublished\":\"2019-06-05T11:39:57+00:00\",\"dateModified\":\"2020-02-04T09:50:17+00:00\",\"description\":\"Lasten taikurikoulusta vastaa Maarit Tiilikainen. Ty\u00f6kentt\u00e4n\u00e4 mm. leirit ja koulut.\",\"breadcrumb\":{\"@id\":\"https:\/\/www.taikativoli.com\/#breadcrumb\"},\"inLanguage\":\"fi\",\"potentialAction\":[{\"@type\":\"ReadAction\",\"target\":[\"https:\/\/www.taikativoli.com\/\"]}]},{\"@type\":\"ImageObject\",\"inLanguage\":\"fi\",\"@id\":\"https:\/\/www.taikativoli.com\/#primaryimage\",\"url\":\"http:\/\/www.taikativoli.com\/wp-content\/uploads\/2019\/11\/maarit_tiilikainen2-4.png\",\"contentUrl\":\"http:\/\/www.taikativoli.com\/wp-content\/uploads\/2019\/11\/maarit_tiilikainen2-4.png\"},{\"@type\":\"BreadcrumbList\",\"@id\":\"https:\/\/www.taikativoli.com\/#breadcrumb\",\"itemListElement\":[{\"@type\":\"ListItem\",\"position\":1,\"name\":\"Home\",\"item\":\"https:\/\/www.taikativoli.com\/\"},{\"@type\":\"ListItem\",\"position\":2,\"name\":\"Taikurikoulu Taikativoli\"}]},{\"@type\":\"WebSite\",\"@id\":\"https:\/\/www.taikativoli.com\/#website\",\"url\":\"https:\/\/www.taikativoli.com\/\",\"name\":\"Taikurikoulu Taikativoli | Taikativoli.com\",\"description\":\"TaikaTivoli on lasten taikurikoulu, jossa opitaan ohjatusti taikatemppuja ja harjoitellaan esiintymistaitoa. Toiminta tarjoaa hauskan ja hiukan erikoisemman harrasteen, jossa lapsi p\u00e4\u00e4see toteuttamaan luovuuttaan. Ohjaajana toimii taikuri Maarit Tiilikainen, toiminta-alueenaan p\u00e4\u00e4kaupunkiseutu ja my\u00f6s koko Suomi.\",\"potentialAction\":[{\"@type\":\"SearchAction\",\"target\":{\"@type\":\"EntryPoint\",\"urlTemplate\":\"https:\/\/www.taikativoli.com\/?s={search_term_string}\"},\"query-input\":\"required name=search_term_string\"}],\"inLanguage\":\"fi\"}]}<\/script>\n<!-- \/ Yoast SEO plugin. -->","yoast_head_json":{"title":"Taikurikoulu Taikativoli | Taikativoli.com","description":"Lasten taikurikoulusta vastaa Maarit Tiilikainen. Ty\u00f6kentt\u00e4n\u00e4 mm. leirit ja koulut.","robots":{"index":"index","follow":"follow","max-snippet":"max-snippet:-1","max-image-preview":"max-image-preview:large","max-video-preview":"max-video-preview:-1"},"canonical":"https:\/\/www.taikativoli.com\/","og_locale":"fi_FI","og_type":"article","og_title":"Taikurikoulu Taikativoli | Taikativoli.com","og_description":"Lasten taikurikoulusta vastaa Maarit Tiilikainen. Ty\u00f6kentt\u00e4n\u00e4 mm. leirit ja koulut.","og_url":"https:\/\/www.taikativoli.com\/","og_site_name":"Taikurikoulu Taikativoli | Taikativoli.com","article_modified_time":"2020-02-04T09:50:17+00:00","og_image":[{"url":"http:\/\/www.taikativoli.com\/wp-content\/uploads\/2019\/11\/maarit_tiilikainen2-4.png"}],"twitter_card":"summary_large_image","schema":{"@context":"https:\/\/schema.org","@graph":[{"@type":"WebPage","@id":"https:\/\/www.taikativoli.com\/","url":"https:\/\/www.taikativoli.com\/","name":"Taikurikoulu Taikativoli | Taikativoli.com","isPartOf":{"@id":"https:\/\/www.taikativoli.com\/#website"},"primaryImageOfPage":{"@id":"https:\/\/www.taikativoli.com\/#primaryimage"},"image":{"@id":"https:\/\/www.taikativoli.com\/#primaryimage"},"thumbnailUrl":"http:\/\/www.taikativoli.com\/wp-content\/uploads\/2019\/11\/maarit_tiilikainen2-4.png","datePublished":"2019-06-05T11:39:57+00:00","dateModified":"2020-02-04T09:50:17+00:00","description":"Lasten taikurikoulusta vastaa Maarit Tiilikainen. Ty\u00f6kentt\u00e4n\u00e4 mm. leirit ja koulut.","breadcrumb":{"@id":"https:\/\/www.taikativoli.com\/#breadcrumb"},"inLanguage":"fi","potentialAction":[{"@type":"ReadAction","target":["https:\/\/www.taikativoli.com\/"]}]},{"@type":"ImageObject","inLanguage":"fi","@id":"https:\/\/www.taikativoli.com\/#primaryimage","url":"http:\/\/www.taikativoli.com\/wp-content\/uploads\/2019\/11\/maarit_tiilikainen2-4.png","contentUrl":"http:\/\/www.taikativoli.com\/wp-content\/uploads\/2019\/11\/maarit_tiilikainen2-4.png"},{"@type":"BreadcrumbList","@id":"https:\/\/www.taikativoli.com\/#breadcrumb","itemListElement":[{"@type":"ListItem","position":1,"name":"Home","item":"https:\/\/www.taikativoli.com\/"},{"@type":"ListItem","position":2,"name":"Taikurikoulu Taikativoli"}]},{"@type":"WebSite","@id":"https:\/\/www.taikativoli.com\/#website","url":"https:\/\/www.taikativoli.com\/","name":"Taikurikoulu Taikativoli | Taikativoli.com","description":"TaikaTivoli on lasten taikurikoulu, jossa opitaan ohjatusti taikatemppuja ja harjoitellaan esiintymistaitoa. Toiminta tarjoaa hauskan ja hiukan erikoisemman harrasteen, jossa lapsi p\u00e4\u00e4see toteuttamaan luovuuttaan. Ohjaajana toimii taikuri Maarit Tiilikainen, toiminta-alueenaan p\u00e4\u00e4kaupunkiseutu ja my\u00f6s koko Suomi.","potentialAction":[{"@type":"SearchAction","target":{"@type":"EntryPoint","urlTemplate":"https:\/\/www.taikativoli.com\/?s={search_term_string}"},"query-input":"required name=search_term_string"}],"inLanguage":"fi"}]}},"_links":{"self":[{"href":"https:\/\/www.taikativoli.com\/index.php\/wp-json\/wp\/v2\/pages\/2"}],"collection":[{"href":"https:\/\/www.taikativoli.com\/index.php\/wp-json\/wp\/v2\/pages"}],"about":[{"href":"https:\/\/www.taikativoli.com\/index.php\/wp-json\/wp\/v2\/types\/page"}],"author":[{"embeddable":true,"href":"https:\/\/www.taikativoli.com\/index.php\/wp-json\/wp\/v2\/users\/1"}],"replies":[{"embeddable":true,"href":"https:\/\/www.taikativoli.com\/index.php\/wp-json\/wp\/v2\/comments?post=2"}],"version-history":[{"count":8,"href":"https:\/\/www.taikativoli.com\/index.php\/wp-json\/wp\/v2\/pages\/2\/revisions"}],"predecessor-version":[{"id":319,"href":"https:\/\/www.taikativoli.com\/index.php\/wp-json\/wp\/v2\/pages\/2\/revisions\/319"}],"wp:attachment":[{"href":"https:\/\/www.taikativoli.com\/index.php\/wp-json\/wp\/v2\/media?parent=2"}],"curies":[{"name":"wp","href":"https:\/\/api.w.org\/{rel}","templated":true}]}}